{"id":648,"date":"2022-09-05T15:48:54","date_gmt":"2022-09-05T15:48:54","guid":{"rendered":"https:\/\/uelascumbres.com\/site\/?page_id=648"},"modified":"2023-09-16T13:47:58","modified_gmt":"2023-09-16T13:47:58","slug":"listadeutiles","status":"publish","type":"page","link":"https:\/\/uelascumbres.com\/site\/listadeutiles\/","title":{"rendered":"lista de \u00fatiles"},"content":{"rendered":"\t\t<div data-elementor-type=\"wp-page\" data-elementor-id=\"648\" class=\"elementor elementor-648\">\n\t\t\t\t\t\t<section class=\"elementor-section elementor-top-section elementor-element elementor-element-03c30fa elementor-section-boxed elementor-section-height-default elementor-section-height-default\" data-id=\"03c30fa\" data-element_type=\"section\">\n\t\t\t\t\t\t<div class=\"elementor-container elementor-column-gap-default\">\n\t\t\t\t\t<div class=\"elementor-column elementor-col-100 elementor-top-column elementor-element elementor-element-70a799e\" data-id=\"70a799e\" data-element_type=\"column\">\n\t\t\t<div class=\"elementor-widget-wrap elementor-element-populated\">\n\t\t\t\t\t\t<div class=\"elementor-element elementor-element-bbae557 elementor-widget elementor-widget-heading\" data-id=\"bbae557\" data-element_type=\"widget\" data-widget_type=\"heading.default\">\n\t\t\t\t<div class=\"elementor-widget-container\">\n\t\t\t\t\t<h2 class=\"elementor-heading-title elementor-size-default\">Lista de \u00fatiles<\/h2>\t\t\t\t<\/div>\n\t\t\t\t<\/div>\n\t\t\t\t\t<\/div>\n\t\t<\/div>\n\t\t\t\t\t<\/div>\n\t\t<\/section>\n\t\t\t\t<section class=\"elementor-section elementor-top-section elementor-element elementor-element-ad1fb7a elementor-section-boxed elementor-section-height-default elementor-section-height-default\" data-id=\"ad1fb7a\" data-element_type=\"section\">\n\t\t\t\t\t\t<div class=\"elementor-container elementor-column-gap-default\">\n\t\t\t\t\t<div class=\"elementor-column elementor-col-50 elementor-top-column elementor-element elementor-element-6c01c9c\" data-id=\"6c01c9c\" data-element_type=\"column\">\n\t\t\t<div class=\"elementor-widget-wrap elementor-element-populated\">\n\t\t\t\t\t\t<div class=\"elementor-element elementor-element-a5bf4f4 elementor-view-stacked elementor-position-left elementor-shape-circle elementor-mobile-position-top elementor-vertical-align-top elementor-widget elementor-widget-icon-box\" data-id=\"a5bf4f4\" data-element_type=\"widget\" data-widget_type=\"icon-box.default\">\n\t\t\t\t<div class=\"elementor-widget-container\">\n\t\t\t\t\t\t\t<div class=\"elementor-icon-box-wrapper\">\n\n\t\t\t\t\t\t<div class=\"elementor-icon-box-icon\">\n\t\t\t\t<a href=\"https:\/\/drive.google.com\/file\/d\/1T3ncocoz2YOXA5WyJmvj_XEHSMtgtrOp\/view?usp=sharing\" target=\"_blank\" class=\"elementor-icon\" tabindex=\"-1\" aria-label=\"2do. Educaci\u00f3n B\u00e1sica\">\n\t\t\t\t<i aria-hidden=\"true\" class=\"fas fa-pencil-alt\"><\/i>\t\t\t\t<\/a>\n\t\t\t<\/div>\n\t\t\t\n\t\t\t\t\t\t<div class=\"elementor-icon-box-content\">\n\n\t\t\t\t\t\t\t\t\t<h3 class=\"elementor-icon-box-title\">\n\t\t\t\t\t\t<a href=\"https:\/\/drive.google.com\/file\/d\/1T3ncocoz2YOXA5WyJmvj_XEHSMtgtrOp\/view?usp=sharing\" target=\"_blank\" >\n\t\t\t\t\t\t\t2do. Educaci\u00f3n B\u00e1sica\t\t\t\t\t\t<\/a>\n\t\t\t\t\t<\/h3>\n\t\t\t\t\n\t\t\t\t\n\t\t\t<\/div>\n\t\t\t\n\t\t<\/div>\n\t\t\t\t\t\t<\/div>\n\t\t\t\t<\/div>\n\t\t\t\t<div class=\"elementor-element elementor-element-a5ca3e4 elementor-view-stacked elementor-position-left elementor-shape-circle elementor-mobile-position-top elementor-vertical-align-top elementor-widget elementor-widget-icon-box\" data-id=\"a5ca3e4\" data-element_type=\"widget\" data-widget_type=\"icon-box.default\">\n\t\t\t\t<div class=\"elementor-widget-container\">\n\t\t\t\t\t\t\t<div class=\"elementor-icon-box-wrapper\">\n\n\t\t\t\t\t\t<div class=\"elementor-icon-box-icon\">\n\t\t\t\t<a href=\"https:\/\/drive.google.com\/file\/d\/17Wh64bgE-9eEgeHb6oj8GK1ESvvwhH_d\/view?usp=sharing\" target=\"_blank\" class=\"elementor-icon\" tabindex=\"-1\" aria-label=\"3ro. Educaci\u00f3n B\u00e1sica\">\n\t\t\t\t<i aria-hidden=\"true\" class=\"fas fa-pencil-alt\"><\/i>\t\t\t\t<\/a>\n\t\t\t<\/div>\n\t\t\t\n\t\t\t\t\t\t<div class=\"elementor-icon-box-content\">\n\n\t\t\t\t\t\t\t\t\t<h3 class=\"elementor-icon-box-title\">\n\t\t\t\t\t\t<a href=\"https:\/\/drive.google.com\/file\/d\/17Wh64bgE-9eEgeHb6oj8GK1ESvvwhH_d\/view?usp=sharing\" target=\"_blank\" >\n\t\t\t\t\t\t\t3ro. Educaci\u00f3n B\u00e1sica\t\t\t\t\t\t<\/a>\n\t\t\t\t\t<\/h3>\n\t\t\t\t\n\t\t\t\t\n\t\t\t<\/div>\n\t\t\t\n\t\t<\/div>\n\t\t\t\t\t\t<\/div>\n\t\t\t\t<\/div>\n\t\t\t\t<div class=\"elementor-element elementor-element-cb780fc elementor-view-stacked elementor-position-left elementor-shape-circle elementor-mobile-position-top elementor-vertical-align-top elementor-widget elementor-widget-icon-box\" data-id=\"cb780fc\" data-element_type=\"widget\" data-widget_type=\"icon-box.default\">\n\t\t\t\t<div class=\"elementor-widget-container\">\n\t\t\t\t\t\t\t<div class=\"elementor-icon-box-wrapper\">\n\n\t\t\t\t\t\t<div class=\"elementor-icon-box-icon\">\n\t\t\t\t<a href=\"https:\/\/drive.google.com\/file\/d\/1q7WtQ52wIQmgPP-PL4oxB-8pX63vNK6g\/view?usp=sharing\" target=\"_blank\" class=\"elementor-icon\" tabindex=\"-1\" aria-label=\"4to. Educaci\u00f3n B\u00e1sica\">\n\t\t\t\t<i aria-hidden=\"true\" class=\"fas fa-pencil-alt\"><\/i>\t\t\t\t<\/a>\n\t\t\t<\/div>\n\t\t\t\n\t\t\t\t\t\t<div class=\"elementor-icon-box-content\">\n\n\t\t\t\t\t\t\t\t\t<h3 class=\"elementor-icon-box-title\">\n\t\t\t\t\t\t<a href=\"https:\/\/drive.google.com\/file\/d\/1q7WtQ52wIQmgPP-PL4oxB-8pX63vNK6g\/view?usp=sharing\" target=\"_blank\" >\n\t\t\t\t\t\t\t4to. Educaci\u00f3n B\u00e1sica\t\t\t\t\t\t<\/a>\n\t\t\t\t\t<\/h3>\n\t\t\t\t\n\t\t\t\t\n\t\t\t<\/div>\n\t\t\t\n\t\t<\/div>\n\t\t\t\t\t\t<\/div>\n\t\t\t\t<\/div>\n\t\t\t\t<div class=\"elementor-element elementor-element-99b4e32 elementor-view-stacked elementor-position-left elementor-shape-circle elementor-mobile-position-top elementor-vertical-align-top elementor-widget elementor-widget-icon-box\" data-id=\"99b4e32\" data-element_type=\"widget\" data-widget_type=\"icon-box.default\">\n\t\t\t\t<div class=\"elementor-widget-container\">\n\t\t\t\t\t\t\t<div class=\"elementor-icon-box-wrapper\">\n\n\t\t\t\t\t\t<div class=\"elementor-icon-box-icon\">\n\t\t\t\t<a href=\"https:\/\/drive.google.com\/file\/d\/19oMRRL68OQktVJoc57uQhFjHFxv3lpzG\/view?usp=sharing\" target=\"_blank\" class=\"elementor-icon\" tabindex=\"-1\" aria-label=\"5to. Educaci\u00f3n B\u00e1sica\">\n\t\t\t\t<i aria-hidden=\"true\" class=\"fas fa-pencil-alt\"><\/i>\t\t\t\t<\/a>\n\t\t\t<\/div>\n\t\t\t\n\t\t\t\t\t\t<div class=\"elementor-icon-box-content\">\n\n\t\t\t\t\t\t\t\t\t<h3 class=\"elementor-icon-box-title\">\n\t\t\t\t\t\t<a href=\"https:\/\/drive.google.com\/file\/d\/19oMRRL68OQktVJoc57uQhFjHFxv3lpzG\/view?usp=sharing\" target=\"_blank\" >\n\t\t\t\t\t\t\t5to. Educaci\u00f3n B\u00e1sica\t\t\t\t\t\t<\/a>\n\t\t\t\t\t<\/h3>\n\t\t\t\t\n\t\t\t\t\n\t\t\t<\/div>\n\t\t\t\n\t\t<\/div>\n\t\t\t\t\t\t<\/div>\n\t\t\t\t<\/div>\n\t\t\t\t<div class=\"elementor-element elementor-element-7c1f915 elementor-view-stacked elementor-position-left elementor-shape-circle elementor-mobile-position-top elementor-vertical-align-top elementor-widget elementor-widget-icon-box\" data-id=\"7c1f915\" data-element_type=\"widget\" data-widget_type=\"icon-box.default\">\n\t\t\t\t<div class=\"elementor-widget-container\">\n\t\t\t\t\t\t\t<div class=\"elementor-icon-box-wrapper\">\n\n\t\t\t\t\t\t<div class=\"elementor-icon-box-icon\">\n\t\t\t\t<a href=\"https:\/\/drive.google.com\/file\/d\/1-XI01CZQbw9qEZOb1qdMEzeHXkWqcbRj\/view?usp=sharing\" target=\"_blank\" class=\"elementor-icon\" tabindex=\"-1\" aria-label=\"6to. Educaci\u00f3n B\u00e1sica\">\n\t\t\t\t<i aria-hidden=\"true\" class=\"fas fa-pencil-alt\"><\/i>\t\t\t\t<\/a>\n\t\t\t<\/div>\n\t\t\t\n\t\t\t\t\t\t<div class=\"elementor-icon-box-content\">\n\n\t\t\t\t\t\t\t\t\t<h3 class=\"elementor-icon-box-title\">\n\t\t\t\t\t\t<a href=\"https:\/\/drive.google.com\/file\/d\/1-XI01CZQbw9qEZOb1qdMEzeHXkWqcbRj\/view?usp=sharing\" target=\"_blank\" >\n\t\t\t\t\t\t\t6to. Educaci\u00f3n B\u00e1sica\t\t\t\t\t\t<\/a>\n\t\t\t\t\t<\/h3>\n\t\t\t\t\n\t\t\t\t\n\t\t\t<\/div>\n\t\t\t\n\t\t<\/div>\n\t\t\t\t\t\t<\/div>\n\t\t\t\t<\/div>\n\t\t\t\t\t<\/div>\n\t\t<\/div>\n\t\t\t\t<div class=\"elementor-column elementor-col-50 elementor-top-column elementor-element elementor-element-3426819\" data-id=\"3426819\" data-element_type=\"column\">\n\t\t\t<div class=\"elementor-widget-wrap elementor-element-populated\">\n\t\t\t\t\t\t<div class=\"elementor-element elementor-element-acbeac1 elementor-view-stacked elementor-position-left elementor-shape-circle elementor-mobile-position-top elementor-vertical-align-top elementor-widget elementor-widget-icon-box\" data-id=\"acbeac1\" data-element_type=\"widget\" data-widget_type=\"icon-box.default\">\n\t\t\t\t<div class=\"elementor-widget-container\">\n\t\t\t\t\t\t\t<div class=\"elementor-icon-box-wrapper\">\n\n\t\t\t\t\t\t<div class=\"elementor-icon-box-icon\">\n\t\t\t\t<a href=\"https:\/\/drive.google.com\/file\/d\/1x4OHhprovwogD0xZ9K-WcFd2_LRk7S2-\/view?usp=sharing\" target=\"_blank\" class=\"elementor-icon\" tabindex=\"-1\" aria-label=\"7mo. Educaci\u00f3n B\u00e1sica\">\n\t\t\t\t<i aria-hidden=\"true\" class=\"fas fa-pencil-alt\"><\/i>\t\t\t\t<\/a>\n\t\t\t<\/div>\n\t\t\t\n\t\t\t\t\t\t<div class=\"elementor-icon-box-content\">\n\n\t\t\t\t\t\t\t\t\t<h3 class=\"elementor-icon-box-title\">\n\t\t\t\t\t\t<a href=\"https:\/\/drive.google.com\/file\/d\/1x4OHhprovwogD0xZ9K-WcFd2_LRk7S2-\/view?usp=sharing\" target=\"_blank\" >\n\t\t\t\t\t\t\t7mo. Educaci\u00f3n B\u00e1sica\t\t\t\t\t\t<\/a>\n\t\t\t\t\t<\/h3>\n\t\t\t\t\n\t\t\t\t\n\t\t\t<\/div>\n\t\t\t\n\t\t<\/div>\n\t\t\t\t\t\t<\/div>\n\t\t\t\t<\/div>\n\t\t\t\t<div class=\"elementor-element elementor-element-a4a3ed5 elementor-view-stacked elementor-position-left elementor-shape-circle elementor-mobile-position-top elementor-vertical-align-top elementor-widget elementor-widget-icon-box\" data-id=\"a4a3ed5\" data-element_type=\"widget\" data-widget_type=\"icon-box.default\">\n\t\t\t\t<div class=\"elementor-widget-container\">\n\t\t\t\t\t\t\t<div class=\"elementor-icon-box-wrapper\">\n\n\t\t\t\t\t\t<div class=\"elementor-icon-box-icon\">\n\t\t\t\t<a href=\"https:\/\/drive.google.com\/file\/d\/1u5ZGSQBcSNF2MTnAlaCMS55ujOc_hGNy\/view?usp=sharing\" target=\"_blank\" class=\"elementor-icon\" tabindex=\"-1\" aria-label=\"8vo. Educaci\u00f3n B\u00e1sica\">\n\t\t\t\t<i aria-hidden=\"true\" class=\"fas fa-pencil-alt\"><\/i>\t\t\t\t<\/a>\n\t\t\t<\/div>\n\t\t\t\n\t\t\t\t\t\t<div class=\"elementor-icon-box-content\">\n\n\t\t\t\t\t\t\t\t\t<h3 class=\"elementor-icon-box-title\">\n\t\t\t\t\t\t<a href=\"https:\/\/drive.google.com\/file\/d\/1u5ZGSQBcSNF2MTnAlaCMS55ujOc_hGNy\/view?usp=sharing\" target=\"_blank\" >\n\t\t\t\t\t\t\t8vo. Educaci\u00f3n B\u00e1sica\t\t\t\t\t\t<\/a>\n\t\t\t\t\t<\/h3>\n\t\t\t\t\n\t\t\t\t\n\t\t\t<\/div>\n\t\t\t\n\t\t<\/div>\n\t\t\t\t\t\t<\/div>\n\t\t\t\t<\/div>\n\t\t\t\t<div class=\"elementor-element elementor-element-4babb44 elementor-view-stacked elementor-position-left elementor-shape-circle elementor-mobile-position-top elementor-vertical-align-top elementor-widget elementor-widget-icon-box\" data-id=\"4babb44\" data-element_type=\"widget\" data-widget_type=\"icon-box.default\">\n\t\t\t\t<div class=\"elementor-widget-container\">\n\t\t\t\t\t\t\t<div class=\"elementor-icon-box-wrapper\">\n\n\t\t\t\t\t\t<div class=\"elementor-icon-box-icon\">\n\t\t\t\t<a href=\"https:\/\/drive.google.com\/file\/d\/1QYvetcW4pq17nDbw7aau210W7hMpuohU\/view?usp=sharing\" target=\"_blank\" class=\"elementor-icon elementor-animation-grow\" tabindex=\"-1\" aria-label=\"9no. Educaci\u00f3n B\u00e1sica\">\n\t\t\t\t<i aria-hidden=\"true\" class=\"fas fa-pencil-alt\"><\/i>\t\t\t\t<\/a>\n\t\t\t<\/div>\n\t\t\t\n\t\t\t\t\t\t<div class=\"elementor-icon-box-content\">\n\n\t\t\t\t\t\t\t\t\t<h3 class=\"elementor-icon-box-title\">\n\t\t\t\t\t\t<a href=\"https:\/\/drive.google.com\/file\/d\/1QYvetcW4pq17nDbw7aau210W7hMpuohU\/view?usp=sharing\" target=\"_blank\" >\n\t\t\t\t\t\t\t9no. Educaci\u00f3n B\u00e1sica\t\t\t\t\t\t<\/a>\n\t\t\t\t\t<\/h3>\n\t\t\t\t\n\t\t\t\t\n\t\t\t<\/div>\n\t\t\t\n\t\t<\/div>\n\t\t\t\t\t\t<\/div>\n\t\t\t\t<\/div>\n\t\t\t\t<div class=\"elementor-element elementor-element-fab9e83 elementor-view-stacked elementor-position-left elementor-shape-circle elementor-mobile-position-top elementor-vertical-align-top elementor-widget elementor-widget-icon-box\" data-id=\"fab9e83\" data-element_type=\"widget\" data-widget_type=\"icon-box.default\">\n\t\t\t\t<div class=\"elementor-widget-container\">\n\t\t\t\t\t\t\t<div class=\"elementor-icon-box-wrapper\">\n\n\t\t\t\t\t\t<div class=\"elementor-icon-box-icon\">\n\t\t\t\t<a href=\"https:\/\/drive.google.com\/file\/d\/19YqBE-456QzJo7424LswGKOUirX5GQm3\/view?usp=sharing\" target=\"_blank\" class=\"elementor-icon\" tabindex=\"-1\" aria-label=\"10mo. Educaci\u00f3n B\u00e1sica\">\n\t\t\t\t<i aria-hidden=\"true\" class=\"fas fa-pencil-alt\"><\/i>\t\t\t\t<\/a>\n\t\t\t<\/div>\n\t\t\t\n\t\t\t\t\t\t<div class=\"elementor-icon-box-content\">\n\n\t\t\t\t\t\t\t\t\t<h3 class=\"elementor-icon-box-title\">\n\t\t\t\t\t\t<a href=\"https:\/\/drive.google.com\/file\/d\/19YqBE-456QzJo7424LswGKOUirX5GQm3\/view?usp=sharing\" target=\"_blank\" >\n\t\t\t\t\t\t\t10mo. Educaci\u00f3n B\u00e1sica\t\t\t\t\t\t<\/a>\n\t\t\t\t\t<\/h3>\n\t\t\t\t\n\t\t\t\t\n\t\t\t<\/div>\n\t\t\t\n\t\t<\/div>\n\t\t\t\t\t\t<\/div>\n\t\t\t\t<\/div>\n\t\t\t\t\t<\/div>\n\t\t<\/div>\n\t\t\t\t\t<\/div>\n\t\t<\/section>\n\t\t\t\t<\/div>\n\t\t","protected":false},"excerpt":{"rendered":"<p>Lista de \u00fatiles 2do. Educaci\u00f3n B\u00e1sica 3ro. Educaci\u00f3n B\u00e1sica 4to. Educaci\u00f3n B\u00e1sica 5to. Educaci\u00f3n B\u00e1sica 6to. Educaci\u00f3n B\u00e1sica 7mo. Educaci\u00f3n B\u00e1sica 8vo. Educaci\u00f3n B\u00e1sica 9no. Educaci\u00f3n B\u00e1sica 10mo. Educaci\u00f3n B\u00e1sica<\/p>\n","protected":false},"author":1,"featured_media":0,"parent":0,"menu_order":0,"comment_status":"closed","ping_status":"closed","template":"","meta":{"nf_dc_page":"","om_disable_all_campaigns":false,"footnotes":""},"class_list":["post-648","page","type-page","status-publish","hentry"],"yoast_head":"<!-- This site is optimized with the Yoast SEO plugin v26.9 - https:\/\/yoast.com\/product\/yoast-seo-wordpress\/ -->\n<title>lista de \u00fatiles - Unidad Educativa Las Cumbres<\/title>\n<meta name=\"robots\" content=\"index, follow, max-snippet:-1, max-image-preview:large, max-video-preview:-1\" \/>\n<link rel=\"canonical\" href=\"https:\/\/uelascumbres.com\/site\/listadeutiles\/\" \/>\n<meta property=\"og:locale\" content=\"es_ES\" \/>\n<meta property=\"og:type\" content=\"article\" \/>\n<meta property=\"og:title\" content=\"lista de \u00fatiles - Unidad Educativa Las Cumbres\" \/>\n<meta property=\"og:description\" content=\"Lista de \u00fatiles 2do. Educaci\u00f3n B\u00e1sica 3ro. Educaci\u00f3n B\u00e1sica 4to. Educaci\u00f3n B\u00e1sica 5to. Educaci\u00f3n B\u00e1sica 6to. Educaci\u00f3n B\u00e1sica 7mo. Educaci\u00f3n B\u00e1sica 8vo. Educaci\u00f3n B\u00e1sica 9no. Educaci\u00f3n B\u00e1sica 10mo. Educaci\u00f3n B\u00e1sica\" \/>\n<meta property=\"og:url\" content=\"https:\/\/uelascumbres.com\/site\/listadeutiles\/\" \/>\n<meta property=\"og:site_name\" content=\"Unidad Educativa Las Cumbres\" \/>\n<meta property=\"article:modified_time\" content=\"2023-09-16T13:47:58+00:00\" \/>\n<meta name=\"twitter:card\" content=\"summary_large_image\" \/>\n<meta name=\"twitter:label1\" content=\"Tiempo de lectura\" \/>\n\t<meta name=\"twitter:data1\" content=\"1 minuto\" \/>\n<script type=\"application\/ld+json\" class=\"yoast-schema-graph\">{\"@context\":\"https:\/\/schema.org\",\"@graph\":[{\"@type\":\"WebPage\",\"@id\":\"https:\/\/uelascumbres.com\/site\/listadeutiles\/\",\"url\":\"https:\/\/uelascumbres.com\/site\/listadeutiles\/\",\"name\":\"lista de \u00fatiles - Unidad Educativa Las Cumbres\",\"isPartOf\":{\"@id\":\"https:\/\/uelascumbres.com\/site\/#website\"},\"datePublished\":\"2022-09-05T15:48:54+00:00\",\"dateModified\":\"2023-09-16T13:47:58+00:00\",\"breadcrumb\":{\"@id\":\"https:\/\/uelascumbres.com\/site\/listadeutiles\/#breadcrumb\"},\"inLanguage\":\"es\",\"potentialAction\":[{\"@type\":\"ReadAction\",\"target\":[\"https:\/\/uelascumbres.com\/site\/listadeutiles\/\"]}]},{\"@type\":\"BreadcrumbList\",\"@id\":\"https:\/\/uelascumbres.com\/site\/listadeutiles\/#breadcrumb\",\"itemListElement\":[{\"@type\":\"ListItem\",\"position\":1,\"name\":\"Home\",\"item\":\"https:\/\/uelascumbres.com\/site\/\"},{\"@type\":\"ListItem\",\"position\":2,\"name\":\"lista de \u00fatiles\"}]},{\"@type\":\"WebSite\",\"@id\":\"https:\/\/uelascumbres.com\/site\/#website\",\"url\":\"https:\/\/uelascumbres.com\/site\/\",\"name\":\"Unidad Educativa Las Cumbres\",\"description\":\"Colegio con visi&oacute;n internacional\",\"publisher\":{\"@id\":\"https:\/\/uelascumbres.com\/site\/#organization\"},\"potentialAction\":[{\"@type\":\"SearchAction\",\"target\":{\"@type\":\"EntryPoint\",\"urlTemplate\":\"https:\/\/uelascumbres.com\/site\/?s={search_term_string}\"},\"query-input\":{\"@type\":\"PropertyValueSpecification\",\"valueRequired\":true,\"valueName\":\"search_term_string\"}}],\"inLanguage\":\"es\"},{\"@type\":\"Organization\",\"@id\":\"https:\/\/uelascumbres.com\/site\/#organization\",\"name\":\"Unidad Educativa Las Cumbres\",\"url\":\"https:\/\/uelascumbres.com\/site\/\",\"logo\":{\"@type\":\"ImageObject\",\"inLanguage\":\"es\",\"@id\":\"https:\/\/uelascumbres.com\/site\/#\/schema\/logo\/image\/\",\"url\":\"https:\/\/i0.wp.com\/uelascumbres.com\/site\/wp-content\/uploads\/2023\/09\/cropped-Mesa-de-trabajo-1.png?fit=2733%2C570&ssl=1\",\"contentUrl\":\"https:\/\/i0.wp.com\/uelascumbres.com\/site\/wp-content\/uploads\/2023\/09\/cropped-Mesa-de-trabajo-1.png?fit=2733%2C570&ssl=1\",\"width\":2733,\"height\":570,\"caption\":\"Unidad Educativa Las Cumbres\"},\"image\":{\"@id\":\"https:\/\/uelascumbres.com\/site\/#\/schema\/logo\/image\/\"}}]}<\/script>\n<!-- \/ Yoast SEO plugin. -->","yoast_head_json":{"title":"lista de \u00fatiles - Unidad Educativa Las Cumbres","robots":{"index":"index","follow":"follow","max-snippet":"max-snippet:-1","max-image-preview":"max-image-preview:large","max-video-preview":"max-video-preview:-1"},"canonical":"https:\/\/uelascumbres.com\/site\/listadeutiles\/","og_locale":"es_ES","og_type":"article","og_title":"lista de \u00fatiles - Unidad Educativa Las Cumbres","og_description":"Lista de \u00fatiles 2do. Educaci\u00f3n B\u00e1sica 3ro. Educaci\u00f3n B\u00e1sica 4to. Educaci\u00f3n B\u00e1sica 5to. Educaci\u00f3n B\u00e1sica 6to. Educaci\u00f3n B\u00e1sica 7mo. Educaci\u00f3n B\u00e1sica 8vo. Educaci\u00f3n B\u00e1sica 9no. Educaci\u00f3n B\u00e1sica 10mo. Educaci\u00f3n B\u00e1sica","og_url":"https:\/\/uelascumbres.com\/site\/listadeutiles\/","og_site_name":"Unidad Educativa Las Cumbres","article_modified_time":"2023-09-16T13:47:58+00:00","twitter_card":"summary_large_image","twitter_misc":{"Tiempo de lectura":"1 minuto"},"schema":{"@context":"https:\/\/schema.org","@graph":[{"@type":"WebPage","@id":"https:\/\/uelascumbres.com\/site\/listadeutiles\/","url":"https:\/\/uelascumbres.com\/site\/listadeutiles\/","name":"lista de \u00fatiles - Unidad Educativa Las Cumbres","isPartOf":{"@id":"https:\/\/uelascumbres.com\/site\/#website"},"datePublished":"2022-09-05T15:48:54+00:00","dateModified":"2023-09-16T13:47:58+00:00","breadcrumb":{"@id":"https:\/\/uelascumbres.com\/site\/listadeutiles\/#breadcrumb"},"inLanguage":"es","potentialAction":[{"@type":"ReadAction","target":["https:\/\/uelascumbres.com\/site\/listadeutiles\/"]}]},{"@type":"BreadcrumbList","@id":"https:\/\/uelascumbres.com\/site\/listadeutiles\/#breadcrumb","itemListElement":[{"@type":"ListItem","position":1,"name":"Home","item":"https:\/\/uelascumbres.com\/site\/"},{"@type":"ListItem","position":2,"name":"lista de \u00fatiles"}]},{"@type":"WebSite","@id":"https:\/\/uelascumbres.com\/site\/#website","url":"https:\/\/uelascumbres.com\/site\/","name":"Unidad Educativa Las Cumbres","description":"Colegio con visi&oacute;n internacional","publisher":{"@id":"https:\/\/uelascumbres.com\/site\/#organization"},"potentialAction":[{"@type":"SearchAction","target":{"@type":"EntryPoint","urlTemplate":"https:\/\/uelascumbres.com\/site\/?s={search_term_string}"},"query-input":{"@type":"PropertyValueSpecification","valueRequired":true,"valueName":"search_term_string"}}],"inLanguage":"es"},{"@type":"Organization","@id":"https:\/\/uelascumbres.com\/site\/#organization","name":"Unidad Educativa Las Cumbres","url":"https:\/\/uelascumbres.com\/site\/","logo":{"@type":"ImageObject","inLanguage":"es","@id":"https:\/\/uelascumbres.com\/site\/#\/schema\/logo\/image\/","url":"https:\/\/i0.wp.com\/uelascumbres.com\/site\/wp-content\/uploads\/2023\/09\/cropped-Mesa-de-trabajo-1.png?fit=2733%2C570&ssl=1","contentUrl":"https:\/\/i0.wp.com\/uelascumbres.com\/site\/wp-content\/uploads\/2023\/09\/cropped-Mesa-de-trabajo-1.png?fit=2733%2C570&ssl=1","width":2733,"height":570,"caption":"Unidad Educativa Las Cumbres"},"image":{"@id":"https:\/\/uelascumbres.com\/site\/#\/schema\/logo\/image\/"}}]}},"jetpack_sharing_enabled":true,"_links":{"self":[{"href":"https:\/\/uelascumbres.com\/site\/wp-json\/wp\/v2\/pages\/648","targetHints":{"allow":["GET"]}}],"collection":[{"href":"https:\/\/uelascumbres.com\/site\/wp-json\/wp\/v2\/pages"}],"about":[{"href":"https:\/\/uelascumbres.com\/site\/wp-json\/wp\/v2\/types\/page"}],"author":[{"embeddable":true,"href":"https:\/\/uelascumbres.com\/site\/wp-json\/wp\/v2\/users\/1"}],"replies":[{"embeddable":true,"href":"https:\/\/uelascumbres.com\/site\/wp-json\/wp\/v2\/comments?post=648"}],"version-history":[{"count":5,"href":"https:\/\/uelascumbres.com\/site\/wp-json\/wp\/v2\/pages\/648\/revisions"}],"predecessor-version":[{"id":761,"href":"https:\/\/uelascumbres.com\/site\/wp-json\/wp\/v2\/pages\/648\/revisions\/761"}],"wp:attachment":[{"href":"https:\/\/uelascumbres.com\/site\/wp-json\/wp\/v2\/media?parent=648"}],"curies":[{"name":"wp","href":"https:\/\/api.w.org\/{rel}","templated":true}]}}